{"id":168,"date":"2025-09-09T12:56:12","date_gmt":"2025-09-09T10:56:12","guid":{"rendered":"https:\/\/rauto.ee\/?page_id=168"},"modified":"2025-10-24T02:37:38","modified_gmt":"2025-10-24T00:37:38","slug":"komisjonimuuk","status":"publish","type":"page","link":"https:\/\/rauto.ee\/en\/komisjonimuuk\/","title":{"rendered":"Consignment Sales"},"content":{"rendered":"<div class=\"wp-block-group alignwide has-background has-global-padding is-layout-constrained wp-container-core-group-is-layout-7276a2bb wp-block-group-is-layout-constrained\" style=\"background-color:#f5f5f5;margin-top:0;margin-bottom:0;padding-top:var(--wp--preset--spacing--60);padding-right:var(--wp--preset--spacing--30);padding-bottom:var(--wp--preset--spacing--60);padding-left:var(--wp--preset--spacing--30)\">\n<div class=\"wp-block-group alignwide has-global-padding is-content-justification-left is-layout-constrained wp-container-core-group-is-layout-8b4c372c wp-block-group-is-layout-constrained\">\n<h2 class=\"wp-block-heading has-text-align-left has-large-font-size\"><strong>Your car on consignment <\/strong>- sold at a fair market price<\/h2>\n\n\n\n<p class=\"has-text-align-left\" style=\"margin-top:16px\">Every car has its own value and emotional worth. <br>Your time and car are respected, and high-quality consignment sales are provided. <br>A buyer will be found in Estonia or elsewhere in Europe - there is a buyer for every car.<\/p>\n<\/div>\n\n\n\n<div class=\"wp-block-columns alignwide is-layout-flex wp-container-core-columns-is-layout-d0846407 wp-block-columns-is-layout-flex\">\n<div class=\"wp-block-column is-layout-flow wp-block-column-is-layout-flow\">\n<figure class=\"wp-block-image ext-aspect-landscape\"><img loading=\"lazy\" decoding=\"async\" width=\"1440\" height=\"960\" class=\"wp-image-286\" src=\"https:\/\/rauto.ee\/wp-content\/uploads\/2025\/10\/c834bb971fc0be9ea0cb96b62abb58e9d5408247.jpg\" alt=\"\" style=\"aspect-ratio:4\/3;object-fit:cover\" srcset=\"https:\/\/rauto.ee\/wp-content\/uploads\/2025\/10\/c834bb971fc0be9ea0cb96b62abb58e9d5408247.jpg 1440w, https:\/\/rauto.ee\/wp-content\/uploads\/2025\/10\/c834bb971fc0be9ea0cb96b62abb58e9d5408247-300x200.jpg 300w, https:\/\/rauto.ee\/wp-content\/uploads\/2025\/10\/c834bb971fc0be9ea0cb96b62abb58e9d5408247-1024x683.jpg 1024w, https:\/\/rauto.ee\/wp-content\/uploads\/2025\/10\/c834bb971fc0be9ea0cb96b62abb58e9d5408247-768x512.jpg 768w, https:\/\/rauto.ee\/wp-content\/uploads\/2025\/10\/c834bb971fc0be9ea0cb96b62abb58e9d5408247-18x12.jpg 18w\" sizes=\"auto, (max-width: 1440px) 100vw, 1440px\" \/><\/figure>\n\n\n\n<h3 class=\"wp-block-heading has-text-align-left\" style=\"margin-top:24px;font-size:clamp(14px, 0.875rem + ((1vw - 3.2px) * 0.625), 20px);line-height:1.5\">Car preparation and market value assessment<\/h3>\n\n\n\n<p class=\"has-text-align-left has-small-font-size\" style=\"margin-top:8px\">Your vehicle is carefully evaluated to ensure a fair and competitive selling price.<\/p>\n<\/div>\n\n\n\n<div class=\"wp-block-column is-layout-flow wp-block-column-is-layout-flow\">\n<figure class=\"wp-block-image ext-aspect-landscape\"><img loading=\"lazy\" decoding=\"async\" width=\"1440\" height=\"960\" class=\"wp-image-287\" src=\"https:\/\/rauto.ee\/wp-content\/uploads\/2025\/10\/b6acdb12450c8bd5b635831b19dcf3aa727f7db8.jpg\" alt=\"\" style=\"aspect-ratio:4\/3;object-fit:cover\" srcset=\"https:\/\/rauto.ee\/wp-content\/uploads\/2025\/10\/b6acdb12450c8bd5b635831b19dcf3aa727f7db8.jpg 1440w, https:\/\/rauto.ee\/wp-content\/uploads\/2025\/10\/b6acdb12450c8bd5b635831b19dcf3aa727f7db8-300x200.jpg 300w, https:\/\/rauto.ee\/wp-content\/uploads\/2025\/10\/b6acdb12450c8bd5b635831b19dcf3aa727f7db8-1024x683.jpg 1024w, https:\/\/rauto.ee\/wp-content\/uploads\/2025\/10\/b6acdb12450c8bd5b635831b19dcf3aa727f7db8-768x512.jpg 768w, https:\/\/rauto.ee\/wp-content\/uploads\/2025\/10\/b6acdb12450c8bd5b635831b19dcf3aa727f7db8-18x12.jpg 18w\" sizes=\"auto, (max-width: 1440px) 100vw, 1440px\" \/><\/figure>\n\n\n\n<h3 class=\"wp-block-heading has-text-align-left\" style=\"margin-top:24px;font-size:clamp(14px, 0.875rem + ((1vw - 3.2px) * 0.625), 20px);line-height:1.5\">Listings on portals and direct offers to dealerships<\/h3>\n\n\n\n<p class=\"has-text-align-left has-small-font-size\" style=\"margin-top:8px\">A buyer can be found in Estonia <br>or from another European country.<\/p>\n<\/div>\n\n\n\n<div class=\"wp-block-column is-layout-flow wp-block-column-is-layout-flow\">\n<figure class=\"wp-block-image ext-aspect-landscape\"><img loading=\"lazy\" decoding=\"async\" width=\"1440\" height=\"960\" class=\"wp-image-288\" src=\"https:\/\/rauto.ee\/wp-content\/uploads\/2025\/10\/355b62b20f85ff77ee14d562eb8fe172d63068ea.jpg\" alt=\"\" style=\"aspect-ratio:4\/3;object-fit:cover\" srcset=\"https:\/\/rauto.ee\/wp-content\/uploads\/2025\/10\/355b62b20f85ff77ee14d562eb8fe172d63068ea.jpg 1440w, https:\/\/rauto.ee\/wp-content\/uploads\/2025\/10\/355b62b20f85ff77ee14d562eb8fe172d63068ea-300x200.jpg 300w, https:\/\/rauto.ee\/wp-content\/uploads\/2025\/10\/355b62b20f85ff77ee14d562eb8fe172d63068ea-1024x683.jpg 1024w, https:\/\/rauto.ee\/wp-content\/uploads\/2025\/10\/355b62b20f85ff77ee14d562eb8fe172d63068ea-768x512.jpg 768w, https:\/\/rauto.ee\/wp-content\/uploads\/2025\/10\/355b62b20f85ff77ee14d562eb8fe172d63068ea-18x12.jpg 18w\" sizes=\"auto, (max-width: 1440px) 100vw, 1440px\" \/><\/figure>\n\n\n\n<h3 class=\"wp-block-heading has-text-align-left\" style=\"margin-top:24px;font-size:clamp(14px, 0.875rem + ((1vw - 3.2px) * 0.625), 20px);line-height:1.5\">Signing the sales contract. Completing the transaction. Transport and re-registration.<\/h3>\n\n\n\n<p class=\"has-text-align-left has-small-font-size\" style=\"margin-top:8px\">Support is provided throughout the entire sales cycle - from finding a buyer to completing re-registration.<\/p>\n<\/div>\n<\/div>\n<\/div>\n\n\n\n<div class=\"wp-block-group alignwide has-background-background-color has-background has-global-padding is-layout-constrained wp-container-core-group-is-layout-7276a2bb wp-block-group-is-layout-constrained\" style=\"margin-top:0;margin-bottom:0;padding-top:var(--wp--preset--spacing--60);padding-right:var(--wp--preset--spacing--30);padding-bottom:var(--wp--preset--spacing--60);padding-left:var(--wp--preset--spacing--30)\">\n<div class=\"wp-block-group alignwide has-global-padding is-content-justification-left is-layout-constrained wp-container-core-group-is-layout-8b4c372c wp-block-group-is-layout-constrained\">\n<h2 class=\"wp-block-heading has-text-align-left has-large-font-size\">How consignment sales work<\/h2>\n\n\n\n<p class=\"has-text-align-left\" style=\"margin-top:16px\">You can leave the car at our partner\u2019s sales lot <br>or continue using it while the selling process takes place. <\/p>\n<\/div>\n\n\n\n<div class=\"wp-block-columns alignwide is-layout-flex wp-container-core-columns-is-layout-30cd009e wp-block-columns-is-layout-flex\">\n<div class=\"wp-block-column is-layout-flow wp-block-column-is-layout-flow\">\n<h3 class=\"wp-block-heading has-text-align-left\" style=\"margin-top:24px;font-size:clamp(14px, 0.875rem + ((1vw - 3.2px) * 0.625), 20px);line-height:1.5\">1. Vehicle assessment<\/h3>\n\n\n\n<p class=\"has-text-align-left has-small-font-size\" style=\"margin-top:8px\">The car\u2019s technical and visual condition is evaluated. The market price is analyzed, and a forecast is made for the achievable price and expected time to sell.<\/p>\n<\/div>\n\n\n\n<div class=\"wp-block-column is-layout-flow wp-block-column-is-layout-flow\">\n<h3 class=\"wp-block-heading has-text-align-left\" style=\"margin-top:24px;font-size:clamp(14px, 0.875rem + ((1vw - 3.2px) * 0.625), 20px);line-height:1.5\">2. Vehicle preparation<\/h3>\n\n\n\n<p class=\"has-text-align-left has-small-font-size\" style=\"margin-top:8px\">If needed, additional repairs are carried out at partner workshops. The car is cleaned inside and out. Photos are taken.<\/p>\n<\/div>\n\n\n\n<div class=\"wp-block-column is-layout-flow wp-block-column-is-layout-flow\">\n<h3 class=\"wp-block-heading has-text-align-left\" style=\"margin-top:24px;font-size:clamp(14px, 0.875rem + ((1vw - 3.2px) * 0.625), 20px);line-height:1.5\">3. Listing creation<\/h3>\n\n\n\n<p class=\"has-text-align-left has-small-font-size\" style=\"margin-top:8px\">Listings are posted on portals, and direct sale offers are sent to dealerships and partners.<\/p>\n<\/div>\n<\/div>\n\n\n\n<div class=\"wp-block-columns alignwide is-layout-flex wp-container-core-columns-is-layout-30cd009e wp-block-columns-is-layout-flex\">\n<div class=\"wp-block-column is-layout-flow wp-block-column-is-layout-flow\">\n<h3 class=\"wp-block-heading has-text-align-center\" style=\"margin-top:24px;font-size:clamp(14px, 0.875rem + ((1vw - 3.2px) * 0.625), 20px);line-height:1.5\">4. Viewings and offers<\/h3>\n\n\n\n<p class=\"has-text-align-left has-small-font-size\" style=\"margin-top:8px\">The vehicle is shown to buyers. Offers are analyzed and communication maintained with potential buyers. Each buyer\u2019s seriousness and ability to complete the transaction properly are verified.<\/p>\n<\/div>\n\n\n\n<div class=\"wp-block-column is-layout-flow wp-block-column-is-layout-flow\">\n<h3 class=\"wp-block-heading has-text-align-left\" style=\"margin-top:24px;font-size:clamp(14px, 0.875rem + ((1vw - 3.2px) * 0.625), 20px);line-height:1.5\">5. Completing the sale<\/h3>\n\n\n\n<p class=\"has-text-align-left has-small-font-size\" style=\"margin-top:8px\">All required documents are prepared to ensure a proper transaction. Assistance is provided throughout completion of the sale.<\/p>\n<\/div>\n\n\n\n<div class=\"wp-block-column is-layout-flow wp-block-column-is-layout-flow\">\n<h3 class=\"wp-block-heading has-text-align-left\" style=\"margin-top:24px;font-size:clamp(14px, 0.875rem + ((1vw - 3.2px) * 0.625), 20px);line-height:1.5\">6. Vehicle delivery to the buyer<\/h3>\n\n\n\n<p class=\"has-text-align-left has-small-font-size\" style=\"margin-top:8px\">Transport to the new owner is arranged, and the re-registration is monitored to ensure it is completed correctly and on time.<\/p>\n<\/div>\n<\/div>\n\n\n\n<div class=\"wp-block-group alignwide has-global-padding is-content-justification-left is-layout-constrained wp-container-core-group-is-layout-8b4c372c wp-block-group-is-layout-constrained\">\n<p class=\"has-text-align-left\" style=\"margin-top:16px\">Please note: if the car continues to be used during consignment, its value will generally decrease. <br><br>To register your car for consignment, send an inquiry to: info@rauto.ee <strong>info@rauto.ee <\/strong><\/p>\n<\/div>\n<\/div>\n\n\n\n<div class=\"wp-block-group alignfull has-background has-global-padding is-layout-constrained wp-container-core-group-is-layout-9b19db8b wp-block-group-is-layout-constrained\" style=\"background-color:#f5f5f5;margin-top:0;margin-bottom:0;padding-top:var(--wp--preset--spacing--60);padding-right:var(--wp--preset--spacing--30);padding-bottom:var(--wp--preset--spacing--60);padding-left:var(--wp--preset--spacing--30)\">\n<div class=\"wp-block-media-text alignwide has-media-on-the-right is-stacked-on-mobile is-vertically-aligned-center is-image-fill-element\" style=\"padding-right:0;padding-left:0;grid-template-columns:auto 40%\"><div class=\"wp-block-media-text__content\">\n<div class=\"wp-block-group has-global-padding is-content-justification-left is-layout-constrained wp-container-core-group-is-layout-cdff7eec wp-block-group-is-layout-constrained\" style=\"padding-top:var(--wp--preset--spacing--30);padding-right:0;padding-bottom:var(--wp--preset--spacing--30);padding-left:0\">\n<h2 class=\"wp-block-heading has-large-font-size\">Where and to whom is your car offered?<\/h2>\n\n\n\n<p style=\"margin-top:16px\">A tailored sales plan is created, including the selection of portals where your listing will appear - helping speed up the sale and achieve the best price. We work daily with the following portals:<\/p>\n\n\n\n<ul style=\"line-height:2\" class=\"wp-block-list has-small-font-size\">\n<li>Auto24.ee<\/li>\n\n\n\n<li>Autoplius.lt<\/li>\n\n\n\n<li>Mobile.de<\/li>\n\n\n\n<li>Social media<\/li>\n\n\n\n<li>Direct offers to dealerships and trusted partners<\/li>\n<\/ul>\n\n\n\n<div class=\"wp-block-buttons is-layout-flex wp-container-core-buttons-is-layout-12dcd427 wp-block-buttons-is-layout-flex\" style=\"margin-top:var(--wp--preset--spacing--40)\">\n<div class=\"wp-block-button is-style-outline is-style-outline--1\"><a class=\"wp-block-button__link wp-element-button\" href=\"https:\/\/rauto.ee\/en\/kontakt\/\">Send an inquiry<\/a><\/div>\n<\/div>\n<\/div>\n<\/div><figure class=\"wp-block-media-text__media\"><img loading=\"lazy\" decoding=\"async\" width=\"1079\" height=\"1440\" class=\"wp-image-289 size-full\" src=\"https:\/\/rauto.ee\/wp-content\/uploads\/2025\/10\/355b47bdbecd946e0b644ae1930863f54cb3d23a.jpg\" alt=\"\" style=\"object-position:50% 50%\" srcset=\"https:\/\/rauto.ee\/wp-content\/uploads\/2025\/10\/355b47bdbecd946e0b644ae1930863f54cb3d23a.jpg 1079w, https:\/\/rauto.ee\/wp-content\/uploads\/2025\/10\/355b47bdbecd946e0b644ae1930863f54cb3d23a-225x300.jpg 225w, https:\/\/rauto.ee\/wp-content\/uploads\/2025\/10\/355b47bdbecd946e0b644ae1930863f54cb3d23a-767x1024.jpg 767w, https:\/\/rauto.ee\/wp-content\/uploads\/2025\/10\/355b47bdbecd946e0b644ae1930863f54cb3d23a-768x1025.jpg 768w, https:\/\/rauto.ee\/wp-content\/uploads\/2025\/10\/355b47bdbecd946e0b644ae1930863f54cb3d23a-9x12.jpg 9w\" sizes=\"auto, (max-width: 1079px) 100vw, 1079px\" \/><\/figure><\/div>\n<\/div>","protected":false},"excerpt":{"rendered":"<p>V\u00f5tame teie auto komisjonim\u00fc\u00fcki ja m\u00fc\u00fcme korraliku turuhinnaga Igal autol on oma hind ja emotsionaalne v\u00e4\u00e4rtus. Hindame teie aega ja autot ning pakume kvaliteetset komisjonim\u00fc\u00fcki. Leiame ostja Eestist v\u00f5i mujalt Euroopast &#8211; iga auto jaoks on olemas ostja. Auto ettevalmistus m\u00fc\u00fcgiks ja turuv\u00e4\u00e4rtuse hindamine Hindame teie s\u00f5iduki t\u00e4pselt, et tagada \u00f5iglane ja konkurentsiv\u00f5imeline m\u00fc\u00fcgihind. M\u00fc\u00fcgipakkumised [&hellip;]<\/p>\n","protected":false},"author":1,"featured_media":0,"parent":0,"menu_order":0,"comment_status":"closed","ping_status":"closed","template":"page-with-title","meta":{"_themeisle_gutenberg_block_has_review":false,"footnotes":""},"class_list":["post-168","page","type-page","status-publish","hentry"],"aioseo_notices":[],"_links":{"self":[{"href":"https:\/\/rauto.ee\/en\/wp-json\/wp\/v2\/pages\/168","targetHints":{"allow":["GET"]}}],"collection":[{"href":"https:\/\/rauto.ee\/en\/wp-json\/wp\/v2\/pages"}],"about":[{"href":"https:\/\/rauto.ee\/en\/wp-json\/wp\/v2\/types\/page"}],"author":[{"embeddable":true,"href":"https:\/\/rauto.ee\/en\/wp-json\/wp\/v2\/users\/1"}],"replies":[{"embeddable":true,"href":"https:\/\/rauto.ee\/en\/wp-json\/wp\/v2\/comments?post=168"}],"version-history":[{"count":20,"href":"https:\/\/rauto.ee\/en\/wp-json\/wp\/v2\/pages\/168\/revisions"}],"predecessor-version":[{"id":290,"href":"https:\/\/rauto.ee\/en\/wp-json\/wp\/v2\/pages\/168\/revisions\/290"}],"wp:attachment":[{"href":"https:\/\/rauto.ee\/en\/wp-json\/wp\/v2\/media?parent=168"}],"curies":[{"name":"wp","href":"https:\/\/api.w.org\/{rel}","templated":true}]}}