{"id":28,"date":"2025-09-04T20:15:44","date_gmt":"2025-09-04T20:15:44","guid":{"rendered":"https:\/\/rauto.ee\/meist\/"},"modified":"2025-10-24T02:37:01","modified_gmt":"2025-10-24T00:37:01","slug":"meist","status":"publish","type":"page","link":"https:\/\/rauto.ee\/en\/meist\/","title":{"rendered":"About us"},"content":{"rendered":"<div class=\"wp-block-group alignwide has-background-background-color has-background has-global-padding is-layout-constrained wp-container-core-group-is-layout-7d1597ee wp-block-group-is-layout-constrained\" id=\"meist\" style=\"border-top-width:1px;margin-top:0;margin-bottom:0;padding-top:var(--wp--preset--spacing--60);padding-right:0;padding-bottom:var(--wp--preset--spacing--60);padding-left:0\">\n<div class=\"wp-block-columns alignwide is-layout-flex wp-container-core-columns-is-layout-d0bbbce0 wp-block-columns-is-layout-flex\">\n<div class=\"wp-block-column is-layout-flow wp-block-column-is-layout-flow\">\n<h2 class=\"wp-block-heading\">We are dedicated to car buying and selling<\/h2>\n\n\n\n<p><strong>Raptam O\u00dc (16015601<\/strong>)<strong> specializes in sourcing cars based on client preferences. <\/strong> Once the right car is found, fair market pricing and purchase terms are ensured. Full support is provided with the transaction, delivery, and proper re-registration. <\/p>\n<\/div>\n\n\n\n<div class=\"wp-block-column is-layout-flow wp-block-column-is-layout-flow\">\n<p style=\"margin-top:16px\">Long-term and respectful cooperation has earned the company trust both in Estonia and across Europe. <br><br>Partnering with official dealerships and exclusive auction centers, accessible only to authorized companies.<br><br>Providing car purchase, sales, and delivery services for both private customers and companies looking to renew their fleets.<\/p>\n<\/div>\n<\/div>\n\n\n\n<div class=\"wp-block-group alignwide is-layout-grid wp-container-core-group-is-layout-9f4e5c95 wp-block-group-is-layout-grid\">\n<div style=\"aspect-ratio:16\/9;min-height:unset;\" class=\"wp-block-cover has-aspect-ratio\"><img loading=\"lazy\" decoding=\"async\" width=\"1080\" height=\"608\" class=\"wp-block-cover__image-background wp-image-236\" alt=\"\" src=\"https:\/\/rauto.ee\/wp-content\/uploads\/2025\/09\/image-1.jpg\" data-object-fit=\"cover\" srcset=\"https:\/\/rauto.ee\/wp-content\/uploads\/2025\/09\/image-1.jpg 1080w, https:\/\/rauto.ee\/wp-content\/uploads\/2025\/09\/image-1-300x169.jpg 300w, https:\/\/rauto.ee\/wp-content\/uploads\/2025\/09\/image-1-1024x576.jpg 1024w, https:\/\/rauto.ee\/wp-content\/uploads\/2025\/09\/image-1-768x432.jpg 768w\" sizes=\"auto, (max-width: 1080px) 100vw, 1080px\" \/><span aria-hidden=\"true\" class=\"wp-block-cover__background has-background-dim-0 has-background-dim\"><\/span><div class=\"wp-block-cover__inner-container is-layout-flow wp-block-cover-is-layout-flow\">\n<div style=\"height:100px\" aria-hidden=\"true\" class=\"wp-block-spacer\"><\/div>\n<\/div><\/div>\n\n\n\n<div style=\"aspect-ratio:16\/9;min-height:unset;\" class=\"wp-block-cover has-aspect-ratio\"><img loading=\"lazy\" decoding=\"async\" width=\"1280\" height=\"720\" class=\"wp-block-cover__image-background wp-image-268\" alt=\"\" src=\"https:\/\/rauto.ee\/wp-content\/uploads\/2025\/10\/e744f1acbdb868dcca031f0ee8fd72be503f6168.jpg\" data-object-fit=\"cover\" srcset=\"https:\/\/rauto.ee\/wp-content\/uploads\/2025\/10\/e744f1acbdb868dcca031f0ee8fd72be503f6168.jpg 1280w, https:\/\/rauto.ee\/wp-content\/uploads\/2025\/10\/e744f1acbdb868dcca031f0ee8fd72be503f6168-300x169.jpg 300w, https:\/\/rauto.ee\/wp-content\/uploads\/2025\/10\/e744f1acbdb868dcca031f0ee8fd72be503f6168-1024x576.jpg 1024w, https:\/\/rauto.ee\/wp-content\/uploads\/2025\/10\/e744f1acbdb868dcca031f0ee8fd72be503f6168-768x432.jpg 768w, https:\/\/rauto.ee\/wp-content\/uploads\/2025\/10\/e744f1acbdb868dcca031f0ee8fd72be503f6168-18x10.jpg 18w\" sizes=\"auto, (max-width: 1280px) 100vw, 1280px\" \/><span aria-hidden=\"true\" class=\"wp-block-cover__background has-background-dim-0 has-background-dim\"><\/span><div class=\"wp-block-cover__inner-container is-layout-flow wp-block-cover-is-layout-flow\">\n<div style=\"height:100px\" aria-hidden=\"true\" class=\"wp-block-spacer\"><\/div>\n<\/div><\/div>\n\n\n\n<div style=\"aspect-ratio:16\/9;min-height:unset;\" class=\"wp-block-cover has-aspect-ratio\"><img loading=\"lazy\" decoding=\"async\" width=\"1080\" height=\"813\" class=\"wp-block-cover__image-background wp-image-237\" alt=\"\" src=\"https:\/\/rauto.ee\/wp-content\/uploads\/2025\/09\/image-2.jpg\" data-object-fit=\"cover\" srcset=\"https:\/\/rauto.ee\/wp-content\/uploads\/2025\/09\/image-2.jpg 1080w, https:\/\/rauto.ee\/wp-content\/uploads\/2025\/09\/image-2-300x226.jpg 300w, https:\/\/rauto.ee\/wp-content\/uploads\/2025\/09\/image-2-1024x771.jpg 1024w, https:\/\/rauto.ee\/wp-content\/uploads\/2025\/09\/image-2-768x578.jpg 768w\" sizes=\"auto, (max-width: 1080px) 100vw, 1080px\" \/><span aria-hidden=\"true\" class=\"wp-block-cover__background has-background-dim-0 has-background-dim\"><\/span><div class=\"wp-block-cover__inner-container is-layout-flow wp-block-cover-is-layout-flow\">\n<div style=\"height:100px\" aria-hidden=\"true\" class=\"wp-block-spacer\"><\/div>\n<\/div><\/div>\n<\/div>\n<\/div>","protected":false},"excerpt":{"rendered":"<p>Oleme p\u00fchendunud autode ostule ja m\u00fc\u00fcgile Raptam O\u00dc (16015601) tegeleb autode otsingutele, vastavalt klientide soovidele. Leides sobiva auto, aitame saavutada \u00f5iglase turuhinna ja ostutingimused. Aitame ostutehingu sooritamisel, autode tarnimisel ning korrektselt \u00fcmbervomistamisel. Pikaaegne ja lugupidavkoost\u00f6\u00f6 on toonud ettev\u00f5ttele usalduse nii Eestis, kui ka Euroopas. Teeme koost\u00f6\u00f6d ameltike esinduste ja kinniste oksjonikeskustega, kuhu on ligip\u00e4\u00e4s vaid [&hellip;]<\/p>\n","protected":false},"author":1,"featured_media":0,"parent":0,"menu_order":0,"comment_status":"closed","ping_status":"closed","template":"page-with-title","meta":{"_themeisle_gutenberg_block_has_review":false,"footnotes":""},"class_list":["post-28","page","type-page","status-publish","hentry"],"aioseo_notices":[],"_links":{"self":[{"href":"https:\/\/rauto.ee\/en\/wp-json\/wp\/v2\/pages\/28","targetHints":{"allow":["GET"]}}],"collection":[{"href":"https:\/\/rauto.ee\/en\/wp-json\/wp\/v2\/pages"}],"about":[{"href":"https:\/\/rauto.ee\/en\/wp-json\/wp\/v2\/types\/page"}],"author":[{"embeddable":true,"href":"https:\/\/rauto.ee\/en\/wp-json\/wp\/v2\/users\/1"}],"replies":[{"embeddable":true,"href":"https:\/\/rauto.ee\/en\/wp-json\/wp\/v2\/comments?post=28"}],"version-history":[{"count":7,"href":"https:\/\/rauto.ee\/en\/wp-json\/wp\/v2\/pages\/28\/revisions"}],"predecessor-version":[{"id":269,"href":"https:\/\/rauto.ee\/en\/wp-json\/wp\/v2\/pages\/28\/revisions\/269"}],"wp:attachment":[{"href":"https:\/\/rauto.ee\/en\/wp-json\/wp\/v2\/media?parent=28"}],"curies":[{"name":"wp","href":"https:\/\/api.w.org\/{rel}","templated":true}]}}