{"id":30,"date":"2025-09-04T20:15:44","date_gmt":"2025-09-04T20:15:44","guid":{"rendered":"https:\/\/rauto.ee\/galerii\/"},"modified":"2025-10-24T02:37:31","modified_gmt":"2025-10-24T00:37:31","slug":"galerii","status":"publish","type":"page","link":"https:\/\/rauto.ee\/en\/galerii\/","title":{"rendered":"Galerii"},"content":{"rendered":"<div class=\"wp-block-group alignfull has-background-background-color has-background has-global-padding is-layout-constrained wp-container-core-group-is-layout-6a1386d3 wp-block-group-is-layout-constrained\" id=\"galerii\" style=\"border-top-width:1px;margin-top:0;margin-bottom:0;padding-top:var(--wp--preset--spacing--60);padding-right:0;padding-bottom:var(--wp--preset--spacing--60);padding-left:0\">\n<figure class=\"wp-block-gallery alignwide has-nested-images columns-4 is-cropped wp-block-gallery-1 is-layout-flex wp-block-gallery-is-layout-flex\" style=\"padding-right:var(--wp--preset--spacing--40);padding-left:var(--wp--preset--spacing--40)\">\n<figure class=\"wp-block-image size-large\"><img loading=\"lazy\" decoding=\"async\" width=\"1440\" height=\"960\" data-id=\"276\" class=\"wp-image-276\" src=\"https:\/\/rauto.ee\/wp-content\/uploads\/2025\/10\/998790e1adb85e7cd86b617ecf0214985769d219.jpg\" alt=\"\" srcset=\"https:\/\/rauto.ee\/wp-content\/uploads\/2025\/10\/998790e1adb85e7cd86b617ecf0214985769d219.jpg 1440w, https:\/\/rauto.ee\/wp-content\/uploads\/2025\/10\/998790e1adb85e7cd86b617ecf0214985769d219-300x200.jpg 300w, https:\/\/rauto.ee\/wp-content\/uploads\/2025\/10\/998790e1adb85e7cd86b617ecf0214985769d219-1024x683.jpg 1024w, https:\/\/rauto.ee\/wp-content\/uploads\/2025\/10\/998790e1adb85e7cd86b617ecf0214985769d219-768x512.jpg 768w, https:\/\/rauto.ee\/wp-content\/uploads\/2025\/10\/998790e1adb85e7cd86b617ecf0214985769d219-18x12.jpg 18w\" sizes=\"auto, (max-width: 1440px) 100vw, 1440px\" \/><\/figure>\n\n\n\n<figure class=\"wp-block-image size-large\"><img loading=\"lazy\" decoding=\"async\" width=\"1440\" height=\"960\" data-id=\"276\" class=\"wp-image-276\" src=\"https:\/\/rauto.ee\/wp-content\/uploads\/2025\/10\/998790e1adb85e7cd86b617ecf0214985769d219.jpg\" alt=\"\" srcset=\"https:\/\/rauto.ee\/wp-content\/uploads\/2025\/10\/998790e1adb85e7cd86b617ecf0214985769d219.jpg 1440w, https:\/\/rauto.ee\/wp-content\/uploads\/2025\/10\/998790e1adb85e7cd86b617ecf0214985769d219-300x200.jpg 300w, https:\/\/rauto.ee\/wp-content\/uploads\/2025\/10\/998790e1adb85e7cd86b617ecf0214985769d219-1024x683.jpg 1024w, https:\/\/rauto.ee\/wp-content\/uploads\/2025\/10\/998790e1adb85e7cd86b617ecf0214985769d219-768x512.jpg 768w, https:\/\/rauto.ee\/wp-content\/uploads\/2025\/10\/998790e1adb85e7cd86b617ecf0214985769d219-18x12.jpg 18w\" sizes=\"auto, (max-width: 1440px) 100vw, 1440px\" \/><\/figure>\n\n\n\n<figure class=\"wp-block-image size-large\"><img loading=\"lazy\" decoding=\"async\" width=\"1280\" height=\"720\" data-id=\"274\" class=\"wp-image-274\" src=\"https:\/\/rauto.ee\/wp-content\/uploads\/2025\/10\/b4ff9804b53b1de63be4b338eddbf1d1c694aed7.jpg\" alt=\"\" srcset=\"https:\/\/rauto.ee\/wp-content\/uploads\/2025\/10\/b4ff9804b53b1de63be4b338eddbf1d1c694aed7.jpg 1280w, https:\/\/rauto.ee\/wp-content\/uploads\/2025\/10\/b4ff9804b53b1de63be4b338eddbf1d1c694aed7-300x169.jpg 300w, https:\/\/rauto.ee\/wp-content\/uploads\/2025\/10\/b4ff9804b53b1de63be4b338eddbf1d1c694aed7-1024x576.jpg 1024w, https:\/\/rauto.ee\/wp-content\/uploads\/2025\/10\/b4ff9804b53b1de63be4b338eddbf1d1c694aed7-768x432.jpg 768w, https:\/\/rauto.ee\/wp-content\/uploads\/2025\/10\/b4ff9804b53b1de63be4b338eddbf1d1c694aed7-18x10.jpg 18w\" sizes=\"auto, (max-width: 1280px) 100vw, 1280px\" \/><\/figure>\n\n\n\n<figure class=\"wp-block-image size-large\"><img loading=\"lazy\" decoding=\"async\" width=\"1440\" height=\"960\" data-id=\"273\" class=\"wp-image-273\" src=\"https:\/\/rauto.ee\/wp-content\/uploads\/2025\/10\/3f479a9cc3be12742f9b3e3269ca1e52cd7ad497.jpg\" alt=\"\" srcset=\"https:\/\/rauto.ee\/wp-content\/uploads\/2025\/10\/3f479a9cc3be12742f9b3e3269ca1e52cd7ad497.jpg 1440w, https:\/\/rauto.ee\/wp-content\/uploads\/2025\/10\/3f479a9cc3be12742f9b3e3269ca1e52cd7ad497-300x200.jpg 300w, https:\/\/rauto.ee\/wp-content\/uploads\/2025\/10\/3f479a9cc3be12742f9b3e3269ca1e52cd7ad497-1024x683.jpg 1024w, https:\/\/rauto.ee\/wp-content\/uploads\/2025\/10\/3f479a9cc3be12742f9b3e3269ca1e52cd7ad497-768x512.jpg 768w, https:\/\/rauto.ee\/wp-content\/uploads\/2025\/10\/3f479a9cc3be12742f9b3e3269ca1e52cd7ad497-18x12.jpg 18w\" sizes=\"auto, (max-width: 1440px) 100vw, 1440px\" \/><\/figure>\n\n\n\n<figure class=\"wp-block-image size-large\"><img loading=\"lazy\" decoding=\"async\" width=\"1440\" height=\"960\" data-id=\"273\" class=\"wp-image-273\" src=\"https:\/\/rauto.ee\/wp-content\/uploads\/2025\/10\/3f479a9cc3be12742f9b3e3269ca1e52cd7ad497.jpg\" alt=\"\" srcset=\"https:\/\/rauto.ee\/wp-content\/uploads\/2025\/10\/3f479a9cc3be12742f9b3e3269ca1e52cd7ad497.jpg 1440w, https:\/\/rauto.ee\/wp-content\/uploads\/2025\/10\/3f479a9cc3be12742f9b3e3269ca1e52cd7ad497-300x200.jpg 300w, https:\/\/rauto.ee\/wp-content\/uploads\/2025\/10\/3f479a9cc3be12742f9b3e3269ca1e52cd7ad497-1024x683.jpg 1024w, https:\/\/rauto.ee\/wp-content\/uploads\/2025\/10\/3f479a9cc3be12742f9b3e3269ca1e52cd7ad497-768x512.jpg 768w, https:\/\/rauto.ee\/wp-content\/uploads\/2025\/10\/3f479a9cc3be12742f9b3e3269ca1e52cd7ad497-18x12.jpg 18w\" sizes=\"auto, (max-width: 1440px) 100vw, 1440px\" \/><\/figure>\n\n\n\n<figure class=\"wp-block-image size-large\"><img loading=\"lazy\" decoding=\"async\" width=\"1440\" height=\"1080\" data-id=\"277\" class=\"wp-image-277\" src=\"https:\/\/rauto.ee\/wp-content\/uploads\/2025\/10\/be10c68778c37ff907589995e320db3a2d061c3c.jpg\" alt=\"\" srcset=\"https:\/\/rauto.ee\/wp-content\/uploads\/2025\/10\/be10c68778c37ff907589995e320db3a2d061c3c.jpg 1440w, https:\/\/rauto.ee\/wp-content\/uploads\/2025\/10\/be10c68778c37ff907589995e320db3a2d061c3c-300x225.jpg 300w, https:\/\/rauto.ee\/wp-content\/uploads\/2025\/10\/be10c68778c37ff907589995e320db3a2d061c3c-1024x768.jpg 1024w, https:\/\/rauto.ee\/wp-content\/uploads\/2025\/10\/be10c68778c37ff907589995e320db3a2d061c3c-768x576.jpg 768w, https:\/\/rauto.ee\/wp-content\/uploads\/2025\/10\/be10c68778c37ff907589995e320db3a2d061c3c-16x12.jpg 16w\" sizes=\"auto, (max-width: 1440px) 100vw, 1440px\" \/><\/figure>\n\n\n\n<figure class=\"wp-block-image size-large\"><img loading=\"lazy\" decoding=\"async\" width=\"1280\" height=\"985\" data-id=\"275\" class=\"wp-image-275\" src=\"https:\/\/rauto.ee\/wp-content\/uploads\/2025\/10\/3e6786de400678a7ba4c8bdc620cc75c9c5e9e9e.jpg\" alt=\"\" srcset=\"https:\/\/rauto.ee\/wp-content\/uploads\/2025\/10\/3e6786de400678a7ba4c8bdc620cc75c9c5e9e9e.jpg 1280w, https:\/\/rauto.ee\/wp-content\/uploads\/2025\/10\/3e6786de400678a7ba4c8bdc620cc75c9c5e9e9e-300x231.jpg 300w, https:\/\/rauto.ee\/wp-content\/uploads\/2025\/10\/3e6786de400678a7ba4c8bdc620cc75c9c5e9e9e-1024x788.jpg 1024w, https:\/\/rauto.ee\/wp-content\/uploads\/2025\/10\/3e6786de400678a7ba4c8bdc620cc75c9c5e9e9e-768x591.jpg 768w, https:\/\/rauto.ee\/wp-content\/uploads\/2025\/10\/3e6786de400678a7ba4c8bdc620cc75c9c5e9e9e-16x12.jpg 16w\" sizes=\"auto, (max-width: 1280px) 100vw, 1280px\" \/><\/figure>\n\n\n\n<figure class=\"wp-block-image size-large\"><img loading=\"lazy\" decoding=\"async\" width=\"1280\" height=\"853\" data-id=\"271\" class=\"wp-image-271\" src=\"https:\/\/rauto.ee\/wp-content\/uploads\/2025\/10\/fbbd12ff3390a9a04e3f9913e43ea7f933901e39.jpg\" alt=\"\" srcset=\"https:\/\/rauto.ee\/wp-content\/uploads\/2025\/10\/fbbd12ff3390a9a04e3f9913e43ea7f933901e39.jpg 1280w, https:\/\/rauto.ee\/wp-content\/uploads\/2025\/10\/fbbd12ff3390a9a04e3f9913e43ea7f933901e39-300x200.jpg 300w, https:\/\/rauto.ee\/wp-content\/uploads\/2025\/10\/fbbd12ff3390a9a04e3f9913e43ea7f933901e39-1024x682.jpg 1024w, https:\/\/rauto.ee\/wp-content\/uploads\/2025\/10\/fbbd12ff3390a9a04e3f9913e43ea7f933901e39-768x512.jpg 768w, https:\/\/rauto.ee\/wp-content\/uploads\/2025\/10\/fbbd12ff3390a9a04e3f9913e43ea7f933901e39-18x12.jpg 18w\" sizes=\"auto, (max-width: 1280px) 100vw, 1280px\" \/><\/figure>\n\n\n\n<figure class=\"wp-block-image size-large\"><img loading=\"lazy\" decoding=\"async\" width=\"1280\" height=\"720\" data-id=\"278\" class=\"wp-image-278\" src=\"https:\/\/rauto.ee\/wp-content\/uploads\/2025\/10\/e94fb748ab8763acf35bd43aa1f05cd2eff15b0c.jpg\" alt=\"\" srcset=\"https:\/\/rauto.ee\/wp-content\/uploads\/2025\/10\/e94fb748ab8763acf35bd43aa1f05cd2eff15b0c.jpg 1280w, https:\/\/rauto.ee\/wp-content\/uploads\/2025\/10\/e94fb748ab8763acf35bd43aa1f05cd2eff15b0c-300x169.jpg 300w, https:\/\/rauto.ee\/wp-content\/uploads\/2025\/10\/e94fb748ab8763acf35bd43aa1f05cd2eff15b0c-1024x576.jpg 1024w, https:\/\/rauto.ee\/wp-content\/uploads\/2025\/10\/e94fb748ab8763acf35bd43aa1f05cd2eff15b0c-768x432.jpg 768w, https:\/\/rauto.ee\/wp-content\/uploads\/2025\/10\/e94fb748ab8763acf35bd43aa1f05cd2eff15b0c-18x10.jpg 18w\" sizes=\"auto, (max-width: 1280px) 100vw, 1280px\" \/><\/figure>\n\n\n\n<figure class=\"wp-block-image size-large\"><img loading=\"lazy\" decoding=\"async\" width=\"1440\" height=\"960\" data-id=\"270\" class=\"wp-image-270\" src=\"https:\/\/rauto.ee\/wp-content\/uploads\/2025\/10\/ad0e2ff7a715edd16db1f8fb7f0f4630f2991330.jpg\" alt=\"\" srcset=\"https:\/\/rauto.ee\/wp-content\/uploads\/2025\/10\/ad0e2ff7a715edd16db1f8fb7f0f4630f2991330.jpg 1440w, https:\/\/rauto.ee\/wp-content\/uploads\/2025\/10\/ad0e2ff7a715edd16db1f8fb7f0f4630f2991330-300x200.jpg 300w, https:\/\/rauto.ee\/wp-content\/uploads\/2025\/10\/ad0e2ff7a715edd16db1f8fb7f0f4630f2991330-1024x683.jpg 1024w, https:\/\/rauto.ee\/wp-content\/uploads\/2025\/10\/ad0e2ff7a715edd16db1f8fb7f0f4630f2991330-768x512.jpg 768w, https:\/\/rauto.ee\/wp-content\/uploads\/2025\/10\/ad0e2ff7a715edd16db1f8fb7f0f4630f2991330-18x12.jpg 18w\" sizes=\"auto, (max-width: 1440px) 100vw, 1440px\" \/><\/figure>\n\n\n\n<figure class=\"wp-block-image size-large\"><img loading=\"lazy\" decoding=\"async\" width=\"1152\" height=\"1440\" data-id=\"272\" class=\"wp-image-272\" src=\"https:\/\/rauto.ee\/wp-content\/uploads\/2025\/10\/3391ddc7dedc11e8ba548655d34b76e837525ca1.jpg\" alt=\"\" srcset=\"https:\/\/rauto.ee\/wp-content\/uploads\/2025\/10\/3391ddc7dedc11e8ba548655d34b76e837525ca1.jpg 1152w, https:\/\/rauto.ee\/wp-content\/uploads\/2025\/10\/3391ddc7dedc11e8ba548655d34b76e837525ca1-240x300.jpg 240w, https:\/\/rauto.ee\/wp-content\/uploads\/2025\/10\/3391ddc7dedc11e8ba548655d34b76e837525ca1-819x1024.jpg 819w, https:\/\/rauto.ee\/wp-content\/uploads\/2025\/10\/3391ddc7dedc11e8ba548655d34b76e837525ca1-768x960.jpg 768w, https:\/\/rauto.ee\/wp-content\/uploads\/2025\/10\/3391ddc7dedc11e8ba548655d34b76e837525ca1-10x12.jpg 10w\" sizes=\"auto, (max-width: 1152px) 100vw, 1152px\" \/><\/figure>\n\n\n\n<figure class=\"wp-block-image size-large\"><img loading=\"lazy\" decoding=\"async\" width=\"1440\" height=\"960\" data-id=\"270\" class=\"wp-image-270\" src=\"https:\/\/rauto.ee\/wp-content\/uploads\/2025\/10\/ad0e2ff7a715edd16db1f8fb7f0f4630f2991330.jpg\" alt=\"\" srcset=\"https:\/\/rauto.ee\/wp-content\/uploads\/2025\/10\/ad0e2ff7a715edd16db1f8fb7f0f4630f2991330.jpg 1440w, https:\/\/rauto.ee\/wp-content\/uploads\/2025\/10\/ad0e2ff7a715edd16db1f8fb7f0f4630f2991330-300x200.jpg 300w, https:\/\/rauto.ee\/wp-content\/uploads\/2025\/10\/ad0e2ff7a715edd16db1f8fb7f0f4630f2991330-1024x683.jpg 1024w, https:\/\/rauto.ee\/wp-content\/uploads\/2025\/10\/ad0e2ff7a715edd16db1f8fb7f0f4630f2991330-768x512.jpg 768w, https:\/\/rauto.ee\/wp-content\/uploads\/2025\/10\/ad0e2ff7a715edd16db1f8fb7f0f4630f2991330-18x12.jpg 18w\" sizes=\"auto, (max-width: 1440px) 100vw, 1440px\" \/><\/figure>\n<\/figure>\n<\/div>\n\n<div class=\"wp-block-group alignfull has-tertiary-background-color has-background has-global-padding is-layout-constrained wp-container-core-group-is-layout-7d1597ee wp-block-group-is-layout-constrained\" id=\"meist\" style=\"border-top-width:1px;margin-top:0;margin-bottom:0;padding-top:var(--wp--preset--spacing--60);padding-right:0;padding-bottom:var(--wp--preset--spacing--60);padding-left:0\">\n<div class=\"wp-block-columns alignwide is-layout-flex wp-container-core-columns-is-layout-d0bbbce0 wp-block-columns-is-layout-flex\">\n<div class=\"wp-block-column is-layout-flow wp-block-column-is-layout-flow\">\n<div class=\"wp-block-group has-global-padding is-layout-constrained wp-block-group-is-layout-constrained\" style=\"padding-top:var(--wp--preset--spacing--60);padding-bottom:var(--wp--preset--spacing--60)\">\n<h2 class=\"wp-block-heading\">Galerii meie mitmekesistest s\u00f5idukitest<\/h2>\n\n\n\n<p style=\"margin-top:16px\">Tutvuge meie s\u00f5idukite galeriiga, mis n\u00e4itab RAUTO kvaliteeti ja laia valikut klientidele.<\/p>\n<\/div>\n<\/div>\n\n\n\n<div class=\"wp-block-column is-layout-flow wp-block-column-is-layout-flow\">\n<figure class=\"wp-block-image\"><img loading=\"lazy\" decoding=\"async\" width=\"1440\" height=\"806\" class=\"wp-image-279\" src=\"https:\/\/rauto.ee\/wp-content\/uploads\/2025\/10\/c2b7dcb1025d514c9b73cae92fd4777b7d0e33c0.jpg\" alt=\"\" style=\"aspect-ratio:4\/3;object-fit:cover\" srcset=\"https:\/\/rauto.ee\/wp-content\/uploads\/2025\/10\/c2b7dcb1025d514c9b73cae92fd4777b7d0e33c0.jpg 1440w, https:\/\/rauto.ee\/wp-content\/uploads\/2025\/10\/c2b7dcb1025d514c9b73cae92fd4777b7d0e33c0-300x168.jpg 300w, https:\/\/rauto.ee\/wp-content\/uploads\/2025\/10\/c2b7dcb1025d514c9b73cae92fd4777b7d0e33c0-1024x573.jpg 1024w, https:\/\/rauto.ee\/wp-content\/uploads\/2025\/10\/c2b7dcb1025d514c9b73cae92fd4777b7d0e33c0-768x430.jpg 768w, https:\/\/rauto.ee\/wp-content\/uploads\/2025\/10\/c2b7dcb1025d514c9b73cae92fd4777b7d0e33c0-18x10.jpg 18w\" sizes=\"auto, (max-width: 1440px) 100vw, 1440px\" \/><\/figure>\n<\/div>\n<\/div>\n<\/div>\n\n<div class=\"wp-block-group alignfull has-background-background-color has-background has-global-padding is-layout-constrained wp-container-core-group-is-layout-b8f1cce0 wp-block-group-is-layout-constrained\" id=\"kliendi-tagasiside\" style=\"border-top-width:1px;margin-top:0;margin-bottom:0;padding-top:0;padding-right:var(--wp--preset--spacing--30);padding-bottom:0;padding-left:var(--wp--preset--spacing--30)\">\n<div class=\"wp-block-group alignwide is-layout-flow wp-block-group-is-layout-flow\" style=\"padding-top:var(--wp--preset--spacing--60);padding-bottom:var(--wp--preset--spacing--60)\">\n<p class=\"has-text-align-center has-large-font-size\" style=\"font-style:normal;font-weight:500;line-height:1.3\">Galerii, kus on n\u00e4ha meie laia valikut kvaliteetseid s\u00f5idukeid ja rahulolevaid kliente.<\/p>\n\n\n\n<div class=\"wp-block-group has-global-padding is-layout-constrained wp-container-core-group-is-layout-03abb0ef wp-block-group-is-layout-constrained\">\n<figure class=\"wp-block-image aligncenter is-style-rounded\"><img loading=\"lazy\" decoding=\"async\" width=\"1280\" height=\"1920\" class=\"wp-image-280\" src=\"https:\/\/rauto.ee\/wp-content\/uploads\/2025\/10\/e8f1aa24e6c7c74ff406f56e62047c6128853718.jpg\" alt=\"\" style=\"aspect-ratio:1;object-fit:cover\" srcset=\"https:\/\/rauto.ee\/wp-content\/uploads\/2025\/10\/e8f1aa24e6c7c74ff406f56e62047c6128853718.jpg 1280w, https:\/\/rauto.ee\/wp-content\/uploads\/2025\/10\/e8f1aa24e6c7c74ff406f56e62047c6128853718-200x300.jpg 200w, https:\/\/rauto.ee\/wp-content\/uploads\/2025\/10\/e8f1aa24e6c7c74ff406f56e62047c6128853718-683x1024.jpg 683w, https:\/\/rauto.ee\/wp-content\/uploads\/2025\/10\/e8f1aa24e6c7c74ff406f56e62047c6128853718-768x1152.jpg 768w, https:\/\/rauto.ee\/wp-content\/uploads\/2025\/10\/e8f1aa24e6c7c74ff406f56e62047c6128853718-1024x1536.jpg 1024w, https:\/\/rauto.ee\/wp-content\/uploads\/2025\/10\/e8f1aa24e6c7c74ff406f56e62047c6128853718-8x12.jpg 8w\" sizes=\"auto, (max-width: 1280px) 100vw, 1280px\" \/><\/figure>\n<\/div>\n\n\n\n<h4 class=\"wp-block-heading has-text-align-center\" style=\"margin-top:18px;font-size:clamp(14px, 0.875rem + ((1vw - 3.2px) * 0.417), 18px);\">Mati<\/h4>\n\n\n\n<p class=\"has-text-align-center has-small-font-size\" style=\"margin-top:4px\">Rahulolev klient<\/p>\n<\/div>\n<\/div>","protected":false},"excerpt":{"rendered":"<p>Galerii meie mitmekesistest s\u00f5idukitest Tutvuge meie s\u00f5idukite galeriiga, mis n\u00e4itab RAUTO kvaliteeti ja laia valikut klientidele. Galerii, kus on n\u00e4ha meie laia valikut kvaliteetseid s\u00f5idukeid ja rahulolevaid kliente. Mati Rahulolev klient<\/p>","protected":false},"author":1,"featured_media":0,"parent":0,"menu_order":0,"comment_status":"closed","ping_status":"closed","template":"page-with-title","meta":{"_themeisle_gutenberg_block_has_review":false,"footnotes":""},"class_list":["post-30","page","type-page","status-publish","hentry"],"aioseo_notices":[],"_links":{"self":[{"href":"https:\/\/rauto.ee\/en\/wp-json\/wp\/v2\/pages\/30","targetHints":{"allow":["GET"]}}],"collection":[{"href":"https:\/\/rauto.ee\/en\/wp-json\/wp\/v2\/pages"}],"about":[{"href":"https:\/\/rauto.ee\/en\/wp-json\/wp\/v2\/types\/page"}],"author":[{"embeddable":true,"href":"https:\/\/rauto.ee\/en\/wp-json\/wp\/v2\/users\/1"}],"replies":[{"embeddable":true,"href":"https:\/\/rauto.ee\/en\/wp-json\/wp\/v2\/comments?post=30"}],"version-history":[{"count":1,"href":"https:\/\/rauto.ee\/en\/wp-json\/wp\/v2\/pages\/30\/revisions"}],"predecessor-version":[{"id":281,"href":"https:\/\/rauto.ee\/en\/wp-json\/wp\/v2\/pages\/30\/revisions\/281"}],"wp:attachment":[{"href":"https:\/\/rauto.ee\/en\/wp-json\/wp\/v2\/media?parent=30"}],"curies":[{"name":"wp","href":"https:\/\/api.w.org\/{rel}","templated":true}]}}